{"id":4957,"date":"2020-08-24T23:08:39","date_gmt":"2020-08-24T23:08:39","guid":{"rendered":"https:\/\/royalairportconcierge.com\/?page_id=4957"},"modified":"2025-09-21T14:34:29","modified_gmt":"2025-09-21T14:34:29","slug":"faq","status":"publish","type":"page","link":"https:\/\/royalairportconcierge.com\/es\/preguntas-frecuentes\/","title":{"rendered":"FAQ"},"content":{"rendered":"<div data-elementor-type=\"wp-page\" data-elementor-id=\"4957\" class=\"elementor elementor-4957\" data-elementor-post-type=\"page\">\n\t\t\t\t\t\t<section class=\"elementor-section elementor-top-section elementor-element elementor-element-4e0d34bf elementor-section-height-min-height elementor-section-boxed elementor-section-height-default elementor-section-items-middle\" data-id=\"4e0d34bf\" data-element_type=\"section\" data-e-type=\"section\" data-settings=\"{&quot;background_background&quot;:&quot;classic&quot;}\">\n\t\t\t\t\t\t\t<div class=\"elementor-background-overlay\"><\/div>\n\t\t\t\t\t\t\t<div class=\"elementor-container elementor-column-gap-default\">\n\t\t\t\t\t<div class=\"elementor-column elementor-col-100 elementor-top-column elementor-element elementor-element-2ef50bc2\" data-id=\"2ef50bc2\" data-element_type=\"column\" data-e-type=\"column\">\n\t\t\t<div class=\"elementor-widget-wrap elementor-element-populated\">\n\t\t\t\t\t\t<div class=\"elementor-element elementor-element-6a16dfe0 elementor-widget elementor-widget-heading\" data-id=\"6a16dfe0\" data-element_type=\"widget\" data-e-type=\"widget\" data-widget_type=\"heading.default\">\n\t\t\t\t<div class=\"elementor-widget-container\">\n\t\t\t\t\t<h1 class=\"elementor-heading-title elementor-size-default\">FAQS<\/h1>\t\t\t\t<\/div>\n\t\t\t\t<\/div>\n\t\t\t\t\t<\/div>\n\t\t<\/div>\n\t\t\t\t\t<\/div>\n\t\t<\/section>\n\t\t\t\t<section class=\"elementor-section elementor-top-section elementor-element elementor-element-515e05a2 elementor-section-boxed elementor-section-height-default elementor-section-height-default\" data-id=\"515e05a2\" data-element_type=\"section\" data-e-type=\"section\">\n\t\t\t\t\t\t<div class=\"elementor-container elementor-column-gap-default\">\n\t\t\t\t\t<div class=\"elementor-column elementor-col-100 elementor-top-column elementor-element elementor-element-41700a9a\" data-id=\"41700a9a\" data-element_type=\"column\" data-e-type=\"column\">\n\t\t\t<div class=\"elementor-widget-wrap elementor-element-populated\">\n\t\t\t\t\t\t<div class=\"elementor-element elementor-element-40ca84e9 elementor-widget elementor-widget-heading\" data-id=\"40ca84e9\" data-element_type=\"widget\" data-e-type=\"widget\" data-widget_type=\"heading.default\">\n\t\t\t\t<div class=\"elementor-widget-container\">\n\t\t\t\t\t<h2 class=\"elementor-heading-title elementor-size-default\">Preguntas frecuentes<\/h2>\t\t\t\t<\/div>\n\t\t\t\t<\/div>\n\t\t\t\t<div class=\"elementor-element elementor-element-77a5472e elementor-widget-divider--view-line elementor-widget elementor-widget-divider\" data-id=\"77a5472e\" data-element_type=\"widget\" data-e-type=\"widget\" data-widget_type=\"divider.default\">\n\t\t\t\t<div class=\"elementor-widget-container\">\n\t\t\t\t\t\t\t<div class=\"elementor-divider\">\n\t\t\t<span class=\"elementor-divider-separator\">\n\t\t\t\t\t\t<\/span>\n\t\t<\/div>\n\t\t\t\t\t\t<\/div>\n\t\t\t\t<\/div>\n\t\t\t\t<div class=\"elementor-element elementor-element-3acf4bdb elementor-widget elementor-widget-heading\" data-id=\"3acf4bdb\" data-element_type=\"widget\" data-e-type=\"widget\" data-widget_type=\"heading.default\">\n\t\t\t\t<div class=\"elementor-widget-container\">\n\t\t\t\t\t<span class=\"elementor-heading-title elementor-size-default\"><strong>A continuaci\u00f3n se presentan las respuestas a las preguntas m\u00e1s frecuentes.<\/strong><br> Por supuesto, estamos aqu\u00ed para satisfacer sus necesidades, as\u00ed que si hay algo que no hemos cubierto, CONT\u00c1CTENOS para una respuesta r\u00e1pida a su(s) pregunta(s).<\/span>\t\t\t\t<\/div>\n\t\t\t\t<\/div>\n\t\t\t\t\t<\/div>\n\t\t<\/div>\n\t\t\t\t\t<\/div>\n\t\t<\/section>\n\t\t\t\t<section class=\"elementor-section elementor-top-section elementor-element elementor-element-6d0ad1f elementor-section-boxed elementor-section-height-default elementor-section-height-default\" data-id=\"6d0ad1f\" data-element_type=\"section\" data-e-type=\"section\">\n\t\t\t\t\t\t<div class=\"elementor-container elementor-column-gap-default\">\n\t\t\t\t\t<div class=\"elementor-column elementor-col-100 elementor-top-column elementor-element elementor-element-88ada64\" data-id=\"88ada64\" data-element_type=\"column\" data-e-type=\"column\">\n\t\t\t<div class=\"elementor-widget-wrap elementor-element-populated\">\n\t\t\t\t\t\t<div class=\"elementor-element elementor-element-3688fcf elementor-widget elementor-widget-accordion\" data-id=\"3688fcf\" data-element_type=\"widget\" data-e-type=\"widget\" data-widget_type=\"accordion.default\">\n\t\t\t\t<div class=\"elementor-widget-container\">\n\t\t\t\t\t\t\t<div class=\"elementor-accordion\">\n\t\t\t\t\t\t\t<div class=\"elementor-accordion-item\">\n\t\t\t\t\t<div id=\"elementor-tab-title-5711\" class=\"elementor-tab-title\" data-tab=\"1\" role=\"button\" aria-controls=\"elementor-tab-content-5711\" aria-expanded=\"false\">\n\t\t\t\t\t\t\t\t\t\t\t\t\t<span class=\"elementor-accordion-icon elementor-accordion-icon-right\" aria-hidden=\"true\">\n\t\t\t\t\t\t\t\t\t\t\t\t\t\t\t<span class=\"elementor-accordion-icon-closed\"><i class=\"fas fa-chevron-right\"><\/i><\/span>\n\t\t\t\t\t\t\t\t<span class=\"elementor-accordion-icon-opened\"><i class=\"fas fa-angle-down\"><\/i><\/span>\n\t\t\t\t\t\t\t\t\t\t\t\t\t\t<\/span>\n\t\t\t\t\t\t\t\t\t\t\t\t<a class=\"elementor-accordion-title\" tabindex=\"0\">1. \u00bfPor qu\u00e9 deber\u00eda usar un servicio de recepci\u00f3n en el aeropuerto?<\/a>\n\t\t\t\t\t<\/div>\n\t\t\t\t\t<div id=\"elementor-tab-content-5711\" class=\"elementor-tab-content elementor-clearfix\" data-tab=\"1\" role=\"region\" aria-labelledby=\"elementor-tab-title-5711\">El viaje de hoy es un problema sin nosotros. Pero existe todo un mundo VIP de v\u00eda r\u00e1pida. Nuestros servicios de \"Meet &amp; Assist\" con el Conserje del Aeropuerto Real hacen que el viaje sea libre de problemas e incluso agradable.\n\n \n\nEn los principales aeropuertos del mundo, el Concierge del Aeropuerto Real puede ofrecer a los pasajeros un servicio personal en el aeropuerto que le permite agilizar las l\u00edneas, evitar inconvenientes y ser tratado como un pasajero especial. El Concierge del Aeropuerto Real ofrece precios razonables y reservas convenientes para su servicio en m\u00e1s de 750 aeropuertos internacionales.\n\nSi viaja en familia o en grupo de negocios, se sorprender\u00e1 de lo asequible que puede ser el servicio VIP del Conserje del Aeropuerto Real.<\/div>\n\t\t\t\t<\/div>\n\t\t\t\t\t\t\t<div class=\"elementor-accordion-item\">\n\t\t\t\t\t<div id=\"elementor-tab-title-5712\" class=\"elementor-tab-title\" data-tab=\"2\" role=\"button\" aria-controls=\"elementor-tab-content-5712\" aria-expanded=\"false\">\n\t\t\t\t\t\t\t\t\t\t\t\t\t<span class=\"elementor-accordion-icon elementor-accordion-icon-right\" aria-hidden=\"true\">\n\t\t\t\t\t\t\t\t\t\t\t\t\t\t\t<span class=\"elementor-accordion-icon-closed\"><i class=\"fas fa-chevron-right\"><\/i><\/span>\n\t\t\t\t\t\t\t\t<span class=\"elementor-accordion-icon-opened\"><i class=\"fas fa-angle-down\"><\/i><\/span>\n\t\t\t\t\t\t\t\t\t\t\t\t\t\t<\/span>\n\t\t\t\t\t\t\t\t\t\t\t\t<a class=\"elementor-accordion-title\" tabindex=\"0\">2. \u00bfCu\u00e1l es el valor a\u00f1adido del servicio Meet &amp; Greet?<\/a>\n\t\t\t\t\t<\/div>\n\t\t\t\t\t<div id=\"elementor-tab-content-5712\" class=\"elementor-tab-content elementor-clearfix\" data-tab=\"2\" role=\"region\" aria-labelledby=\"elementor-tab-title-5712\"><p>\u00bfPor d\u00f3nde empezamos?<\/p><ol><li>Nuestro representante agilizar\u00e1 su experiencia en las l\u00edneas de inmigraci\u00f3n a la llegada, el registro y las l\u00edneas de control de seguridad. Le escoltaremos por la v\u00eda r\u00e1pida o por el proceso privado de inmigraci\u00f3n para que no tenga que esperar con los pasajeros habituales.<\/li><li>Nuestro representante puede coordinar directamente con su proveedor de transporte en el aeropuerto para asegurar una entrega sin problemas. Nuestros representantes est\u00e1n capacitados para mantener alejados a los taxistas locales y a los encargados del equipaje. Adem\u00e1s, se aseguran de que no tenga problemas de comunicaci\u00f3n con el idioma.<\/li><li>Pueden surgir problemas imprevistos. Nuestros representantes tambi\u00e9n pueden ayudarle a resolver problemas inesperados con los funcionarios locales de inmigraci\u00f3n o aduanas, as\u00ed como con los preparativos para el exceso de equipaje, los traslados de vuelos y terminales, el acceso a la sala de espera del aeropuerto o a la sala de d\u00eda, y la obtenci\u00f3n de un transporte terrestre fiable durante su estancia.<\/li><\/ol><\/div>\n\t\t\t\t<\/div>\n\t\t\t\t\t\t\t<div class=\"elementor-accordion-item\">\n\t\t\t\t\t<div id=\"elementor-tab-title-5713\" class=\"elementor-tab-title\" data-tab=\"3\" role=\"button\" aria-controls=\"elementor-tab-content-5713\" aria-expanded=\"false\">\n\t\t\t\t\t\t\t\t\t\t\t\t\t<span class=\"elementor-accordion-icon elementor-accordion-icon-right\" aria-hidden=\"true\">\n\t\t\t\t\t\t\t\t\t\t\t\t\t\t\t<span class=\"elementor-accordion-icon-closed\"><i class=\"fas fa-chevron-right\"><\/i><\/span>\n\t\t\t\t\t\t\t\t<span class=\"elementor-accordion-icon-opened\"><i class=\"fas fa-angle-down\"><\/i><\/span>\n\t\t\t\t\t\t\t\t\t\t\t\t\t\t<\/span>\n\t\t\t\t\t\t\t\t\t\t\t\t<a class=\"elementor-accordion-title\" tabindex=\"0\">3. \u00bfCu\u00e1nto cuesta este servicio y c\u00f3mo lo pago?<\/a>\n\t\t\t\t\t<\/div>\n\t\t\t\t\t<div id=\"elementor-tab-content-5713\" class=\"elementor-tab-content elementor-clearfix\" data-tab=\"3\" role=\"region\" aria-labelledby=\"elementor-tab-title-5713\"><p>\u00a1Buena pregunta! Nuestras tarifas var\u00edan seg\u00fan el destino. Cuando proceda a reservar, le cotizaremos un precio espec\u00edfico. A partir de ah\u00ed, se le pedir\u00e1 que pague en l\u00ednea a trav\u00e9s de una conexi\u00f3n de red segura con su tarjeta de cr\u00e9dito, y la moneda que haya elegido se utilizar\u00e1 para su transacci\u00f3n.<\/p><\/div>\n\t\t\t\t<\/div>\n\t\t\t\t\t\t\t<div class=\"elementor-accordion-item\">\n\t\t\t\t\t<div id=\"elementor-tab-title-5714\" class=\"elementor-tab-title\" data-tab=\"4\" role=\"button\" aria-controls=\"elementor-tab-content-5714\" aria-expanded=\"false\">\n\t\t\t\t\t\t\t\t\t\t\t\t\t<span class=\"elementor-accordion-icon elementor-accordion-icon-right\" aria-hidden=\"true\">\n\t\t\t\t\t\t\t\t\t\t\t\t\t\t\t<span class=\"elementor-accordion-icon-closed\"><i class=\"fas fa-chevron-right\"><\/i><\/span>\n\t\t\t\t\t\t\t\t<span class=\"elementor-accordion-icon-opened\"><i class=\"fas fa-angle-down\"><\/i><\/span>\n\t\t\t\t\t\t\t\t\t\t\t\t\t\t<\/span>\n\t\t\t\t\t\t\t\t\t\t\t\t<a class=\"elementor-accordion-title\" tabindex=\"0\">4. \u00bfC\u00f3mo me pongo en contacto con el Servicio de Royal Airport Concierge?<\/a>\n\t\t\t\t\t<\/div>\n\t\t\t\t\t<div id=\"elementor-tab-content-5714\" class=\"elementor-tab-content elementor-clearfix\" data-tab=\"4\" role=\"region\" aria-labelledby=\"elementor-tab-title-5714\">En su correo electr\u00f3nico de confirmaci\u00f3n, usted habr\u00e1 recibido tanto local como internacional\nN\u00fameros de apoyo del Servicio de Royal Airport Concierge para llamar en caso de cualquier problema. Alternativamente, por favor use los n\u00fameros de contacto internacionales proporcionados en la p\u00e1gina de CONTACTO.<\/div>\n\t\t\t\t<\/div>\n\t\t\t\t\t\t\t<div class=\"elementor-accordion-item\">\n\t\t\t\t\t<div id=\"elementor-tab-title-5715\" class=\"elementor-tab-title\" data-tab=\"5\" role=\"button\" aria-controls=\"elementor-tab-content-5715\" aria-expanded=\"false\">\n\t\t\t\t\t\t\t\t\t\t\t\t\t<span class=\"elementor-accordion-icon elementor-accordion-icon-right\" aria-hidden=\"true\">\n\t\t\t\t\t\t\t\t\t\t\t\t\t\t\t<span class=\"elementor-accordion-icon-closed\"><i class=\"fas fa-chevron-right\"><\/i><\/span>\n\t\t\t\t\t\t\t\t<span class=\"elementor-accordion-icon-opened\"><i class=\"fas fa-angle-down\"><\/i><\/span>\n\t\t\t\t\t\t\t\t\t\t\t\t\t\t<\/span>\n\t\t\t\t\t\t\t\t\t\t\t\t<a class=\"elementor-accordion-title\" tabindex=\"0\">5. No reservamos nuestros vuelos a trav\u00e9s de un agente de viajes. \u00bfPodemos seguir usando el servicio?<\/a>\n\t\t\t\t\t<\/div>\n\t\t\t\t\t<div id=\"elementor-tab-content-5715\" class=\"elementor-tab-content elementor-clearfix\" data-tab=\"5\" role=\"region\" aria-labelledby=\"elementor-tab-title-5715\">\u00a1Claro! El servicio est\u00e1 disponible para todos los hu\u00e9spedes que viajen en todas las aerol\u00edneas.<\/div>\n\t\t\t\t<\/div>\n\t\t\t\t\t\t\t<div class=\"elementor-accordion-item\">\n\t\t\t\t\t<div id=\"elementor-tab-title-5716\" class=\"elementor-tab-title\" data-tab=\"6\" role=\"button\" aria-controls=\"elementor-tab-content-5716\" aria-expanded=\"false\">\n\t\t\t\t\t\t\t\t\t\t\t\t\t<span class=\"elementor-accordion-icon elementor-accordion-icon-right\" aria-hidden=\"true\">\n\t\t\t\t\t\t\t\t\t\t\t\t\t\t\t<span class=\"elementor-accordion-icon-closed\"><i class=\"fas fa-chevron-right\"><\/i><\/span>\n\t\t\t\t\t\t\t\t<span class=\"elementor-accordion-icon-opened\"><i class=\"fas fa-angle-down\"><\/i><\/span>\n\t\t\t\t\t\t\t\t\t\t\t\t\t\t<\/span>\n\t\t\t\t\t\t\t\t\t\t\t\t<a class=\"elementor-accordion-title\" tabindex=\"0\">6. \u00bfC\u00f3mo debemos reservar y proceder con el servicio?<\/a>\n\t\t\t\t\t<\/div>\n\t\t\t\t\t<div id=\"elementor-tab-content-5716\" class=\"elementor-tab-content elementor-clearfix\" data-tab=\"6\" role=\"region\" aria-labelledby=\"elementor-tab-title-5716\"><p>Simplemente env\u00edenos el itinerario de su vuelo y la informaci\u00f3n de su tarjeta de cr\u00e9dito.<\/p><p>Le enviaremos una confirmaci\u00f3n para que sepa que hemos recibido todo.<\/p><p>\u00a1Uf, eso es una cosa que no se te ocurre!<\/p><\/div>\n\t\t\t\t<\/div>\n\t\t\t\t\t\t\t<div class=\"elementor-accordion-item\">\n\t\t\t\t\t<div id=\"elementor-tab-title-5717\" class=\"elementor-tab-title\" data-tab=\"7\" role=\"button\" aria-controls=\"elementor-tab-content-5717\" aria-expanded=\"false\">\n\t\t\t\t\t\t\t\t\t\t\t\t\t<span class=\"elementor-accordion-icon elementor-accordion-icon-right\" aria-hidden=\"true\">\n\t\t\t\t\t\t\t\t\t\t\t\t\t\t\t<span class=\"elementor-accordion-icon-closed\"><i class=\"fas fa-chevron-right\"><\/i><\/span>\n\t\t\t\t\t\t\t\t<span class=\"elementor-accordion-icon-opened\"><i class=\"fas fa-angle-down\"><\/i><\/span>\n\t\t\t\t\t\t\t\t\t\t\t\t\t\t<\/span>\n\t\t\t\t\t\t\t\t\t\t\t\t<a class=\"elementor-accordion-title\" tabindex=\"0\">7. \u00bfCon cu\u00e1nta anticipaci\u00f3n debemos reservar el servicio?<\/a>\n\t\t\t\t\t<\/div>\n\t\t\t\t\t<div id=\"elementor-tab-content-5717\" class=\"elementor-tab-content elementor-clearfix\" data-tab=\"7\" role=\"region\" aria-labelledby=\"elementor-tab-title-5717\">Los servicios deben reservarse al menos con 48 horas de antelaci\u00f3n a partir del momento del viaje (salida o llegada en la zona horaria local). Necesitamos tiempo para alinear a sus saludadores y asegurar el servicio de guante blanco. <\/div>\n\t\t\t\t<\/div>\n\t\t\t\t\t\t\t<div class=\"elementor-accordion-item\">\n\t\t\t\t\t<div id=\"elementor-tab-title-5718\" class=\"elementor-tab-title\" data-tab=\"8\" role=\"button\" aria-controls=\"elementor-tab-content-5718\" aria-expanded=\"false\">\n\t\t\t\t\t\t\t\t\t\t\t\t\t<span class=\"elementor-accordion-icon elementor-accordion-icon-right\" aria-hidden=\"true\">\n\t\t\t\t\t\t\t\t\t\t\t\t\t\t\t<span class=\"elementor-accordion-icon-closed\"><i class=\"fas fa-chevron-right\"><\/i><\/span>\n\t\t\t\t\t\t\t\t<span class=\"elementor-accordion-icon-opened\"><i class=\"fas fa-angle-down\"><\/i><\/span>\n\t\t\t\t\t\t\t\t\t\t\t\t\t\t<\/span>\n\t\t\t\t\t\t\t\t\t\t\t\t<a class=\"elementor-accordion-title\" tabindex=\"0\">8. \u00bfCu\u00e1l es la diferencia entre el servicio VIP del aeropuerto y el conserje de equipajes?<\/a>\n\t\t\t\t\t<\/div>\n\t\t\t\t\t<div id=\"elementor-tab-content-5718\" class=\"elementor-tab-content elementor-clearfix\" data-tab=\"8\" role=\"region\" aria-labelledby=\"elementor-tab-title-5718\"><ul><li>El servicio de conserjer\u00eda de equipajes ayudar\u00e1 a los viajeros s\u00f3lo con el equipaje y requiere que las maletas sean empacadas con varios d\u00edas de anticipaci\u00f3n.<\/li><li>El programa \"Estrella de Rock\" es un completo servicio VIP, meet &amp; greet, e incluye manejo de equipaje y porteadores.<\/li><\/ul><\/div>\n\t\t\t\t<\/div>\n\t\t\t\t\t\t\t<div class=\"elementor-accordion-item\">\n\t\t\t\t\t<div id=\"elementor-tab-title-5719\" class=\"elementor-tab-title\" data-tab=\"9\" role=\"button\" aria-controls=\"elementor-tab-content-5719\" aria-expanded=\"false\">\n\t\t\t\t\t\t\t\t\t\t\t\t\t<span class=\"elementor-accordion-icon elementor-accordion-icon-right\" aria-hidden=\"true\">\n\t\t\t\t\t\t\t\t\t\t\t\t\t\t\t<span class=\"elementor-accordion-icon-closed\"><i class=\"fas fa-chevron-right\"><\/i><\/span>\n\t\t\t\t\t\t\t\t<span class=\"elementor-accordion-icon-opened\"><i class=\"fas fa-angle-down\"><\/i><\/span>\n\t\t\t\t\t\t\t\t\t\t\t\t\t\t<\/span>\n\t\t\t\t\t\t\t\t\t\t\t\t<a class=\"elementor-accordion-title\" tabindex=\"0\">9. \u00bfCu\u00e1l es la pol\u00edtica de cancelaci\u00f3n?<\/a>\n\t\t\t\t\t<\/div>\n\t\t\t\t\t<div id=\"elementor-tab-content-5719\" class=\"elementor-tab-content elementor-clearfix\" data-tab=\"9\" role=\"region\" aria-labelledby=\"elementor-tab-title-5719\"><p>Nuestra pol\u00edtica es bastante sencilla:<\/p><ul><li>Si cancela nuestro servicio dentro de las 24 horas en los EE.UU., se le cobrar\u00e1 el total.<\/li><li>Si cancela nuestro servicio dentro de las 48 horas de un viaje internacional, tambi\u00e9n se le cobrar\u00e1 el total.<\/li><\/ul><p>Despu\u00e9s de todo, ya habremos arreglado su servicio.<\/p><\/div>\n\t\t\t\t<\/div>\n\t\t\t\t\t\t\t<div class=\"elementor-accordion-item\">\n\t\t\t\t\t<div id=\"elementor-tab-title-57110\" class=\"elementor-tab-title\" data-tab=\"10\" role=\"button\" aria-controls=\"elementor-tab-content-57110\" aria-expanded=\"false\">\n\t\t\t\t\t\t\t\t\t\t\t\t\t<span class=\"elementor-accordion-icon elementor-accordion-icon-right\" aria-hidden=\"true\">\n\t\t\t\t\t\t\t\t\t\t\t\t\t\t\t<span class=\"elementor-accordion-icon-closed\"><i class=\"fas fa-chevron-right\"><\/i><\/span>\n\t\t\t\t\t\t\t\t<span class=\"elementor-accordion-icon-opened\"><i class=\"fas fa-angle-down\"><\/i><\/span>\n\t\t\t\t\t\t\t\t\t\t\t\t\t\t<\/span>\n\t\t\t\t\t\t\t\t\t\t\t\t<a class=\"elementor-accordion-title\" tabindex=\"0\">10. \u00bfC\u00f3mo podemos pagar por este servicio?<\/a>\n\t\t\t\t\t<\/div>\n\t\t\t\t\t<div id=\"elementor-tab-content-57110\" class=\"elementor-tab-content elementor-clearfix\" data-tab=\"10\" role=\"region\" aria-labelledby=\"elementor-tab-title-57110\">...con cualquier tarjeta de cr\u00e9dito importante. Los cargos se procesar\u00e1n s\u00f3lo despu\u00e9s de que todos los servicios se hayan completado. \u00a1Me encanta eso!<\/div>\n\t\t\t\t<\/div>\n\t\t\t\t\t\t\t<div class=\"elementor-accordion-item\">\n\t\t\t\t\t<div id=\"elementor-tab-title-57111\" class=\"elementor-tab-title\" data-tab=\"11\" role=\"button\" aria-controls=\"elementor-tab-content-57111\" aria-expanded=\"false\">\n\t\t\t\t\t\t\t\t\t\t\t\t\t<span class=\"elementor-accordion-icon elementor-accordion-icon-right\" aria-hidden=\"true\">\n\t\t\t\t\t\t\t\t\t\t\t\t\t\t\t<span class=\"elementor-accordion-icon-closed\"><i class=\"fas fa-chevron-right\"><\/i><\/span>\n\t\t\t\t\t\t\t\t<span class=\"elementor-accordion-icon-opened\"><i class=\"fas fa-angle-down\"><\/i><\/span>\n\t\t\t\t\t\t\t\t\t\t\t\t\t\t<\/span>\n\t\t\t\t\t\t\t\t\t\t\t\t<a class=\"elementor-accordion-title\" tabindex=\"0\">11. \u00bfNecesito darle una propina al representante del Conserje del Aeropuerto Real?<\/a>\n\t\t\t\t\t<\/div>\n\t\t\t\t\t<div id=\"elementor-tab-content-57111\" class=\"elementor-tab-content elementor-clearfix\" data-tab=\"11\" role=\"region\" aria-labelledby=\"elementor-tab-title-57111\"><p>No, en absoluto. Nuestros representantes no esperan propinas. Sin embargo, si el servicio que reciben es excepcional y nuestro representante se ha esforzado por ayudarles de alguna manera inusual, si\u00e9ntanse libres de agradecerles con una propina o propina a su discreci\u00f3n. Entonces env\u00edenos un correo electr\u00f3nico para que podamos tomar nota de este fant\u00e1stico representante.<\/p><\/div>\n\t\t\t\t<\/div>\n\t\t\t\t\t\t\t\t<\/div>\n\t\t\t\t\t\t<\/div>\n\t\t\t\t<\/div>\n\t\t\t\t\t<\/div>\n\t\t<\/div>\n\t\t\t\t\t<\/div>\n\t\t<\/section>\n\t\t\t\t<\/div>","protected":false},"excerpt":{"rendered":"<p>FAQS Frequently Asked Questions Below are answers to our most frequently asked questions. Of course, we\u2019re here to meet your needs, so if there\u2019s something that we haven\u2019t covered, CONTACT US for a fast answer to your question(s). 1. Why should I use an airport meet &#038; greet service? Today\u2019s travel is a hassle without [&hellip;]<\/p>\n\n        <div class=\"jm-meta-line text-sm text-muted-foreground mt-3\">\n            <div class=\"jm-meta-left\">\n                <div class=\"item\">\n                    \n        <svg xmlns=\"http:\/\/www.w3.org\/2000\/svg\" class=\"h-4 w-4\" width=\"24\" height=\"24\" viewBox=\"0 0 24 24\" fill=\"none\" stroke=\"currentColor\" stroke-width=\"2\" stroke-linecap=\"round\" stroke-linejoin=\"round\">\n            <path d=\"M8 2v4\"><\/path>\n            <path d=\"M16 2v4\"><\/path>\n            <rect width=\"18\" height=\"18\" x=\"3\" y=\"4\" rx=\"2\"><\/rect>\n            <path d=\"M3 10h18\"><\/path>\n        <\/svg>\n    \n                    <span>Ago 24, 2020<\/span>\n                <\/div>\n                <div class=\"item\">\n                    \n        <svg xmlns=\"http:\/\/www.w3.org\/2000\/svg\" class=\"h-4 w-4\" width=\"24\" height=\"24\" viewBox=\"0 0 24 24\" fill=\"none\" stroke=\"currentColor\" stroke-width=\"2\" stroke-linecap=\"round\" stroke-linejoin=\"round\">\n            <circle cx=\"12\" cy=\"12\" r=\"10\"><\/circle>\n            <polyline points=\"12 6 12 12 16 14\"><\/polyline>\n        <\/svg>\n    \n                    <span>4 min read<\/span>\n                <\/div>\n                <div class=\"item jm-meta-arrow\">\n                    \n        <a href=\"https:\/\/royalairportconcierge.com\/es\/preguntas-frecuentes\/\" class=\"jm-arrow-link\" aria-label=\"Leer m\u00e1s\">\n            <svg xmlns=\"http:\/\/www.w3.org\/2000\/svg\" class=\"h-4 w-4 text-yellow-500\" width=\"24\" height=\"24\" viewBox=\"0 0 24 24\" fill=\"none\" stroke=\"currentColor\" stroke-width=\"2\" stroke-linecap=\"round\" stroke-linejoin=\"round\">\n                <path d=\"M5 12h14\"><\/path>\n                <path d=\"M13 5l7 7-7 7\"><\/path>\n            <\/svg>\n        <\/a>\n    \n                <\/div>\n            <\/div>\n        <\/div>\n    ","protected":false},"author":1,"featured_media":7685,"parent":0,"menu_order":0,"comment_status":"closed","ping_status":"closed","template":"","meta":{"_acf_changed":false,"site-sidebar-layout":"no-sidebar","site-content-layout":"page-builder","ast-site-content-layout":"default","site-content-style":"default","site-sidebar-style":"default","ast-global-header-display":"","ast-banner-title-visibility":"","ast-main-header-display":"","ast-hfb-above-header-display":"","ast-hfb-below-header-display":"","ast-hfb-mobile-header-display":"","site-post-title":"disabled","ast-breadcrumbs-content":"","ast-featured-img":"disabled","footer-sml-layout":"","ast-disable-related-posts":"","theme-transparent-header-meta":"default","adv-header-id-meta":"","stick-header-meta":"","header-above-stick-meta":"","header-main-stick-meta":"","header-below-stick-meta":"","astra-migrate-meta-layouts":"default","ast-page-background-enabled":"default","ast-page-background-meta":{"desktop":{"background-color":"","background-image":"","background-repeat":"repeat","background-position":"center center","background-size":"auto","background-attachment":"scroll","background-type":"","background-media":"","overlay-type":"","overlay-color":"","overlay-opacity":"","overlay-gradient":""},"tablet":{"background-color":"","background-image":"","background-repeat":"repeat","background-position":"center center","background-size":"auto","background-attachment":"scroll","background-type":"","background-media":"","overlay-type":"","overlay-color":"","overlay-opacity":"","overlay-gradient":""},"mobile":{"background-color":"","background-image":"","background-repeat":"repeat","background-position":"center center","background-size":"auto","background-attachment":"scroll","background-type":"","background-media":"","overlay-type":"","overlay-color":"","overlay-opacity":"","overlay-gradient":""}},"ast-content-background-meta":{"desktop":{"background-color":"var(--ast-global-color-5)","background-image":"","background-repeat":"repeat","background-position":"center center","background-size":"auto","background-attachment":"scroll","background-type":"","background-media":"","overlay-type":"","overlay-color":"","overlay-opacity":"","overlay-gradient":""},"tablet":{"background-color":"var(--ast-global-color-5)","background-image":"","background-repeat":"repeat","background-position":"center center","background-size":"auto","background-attachment":"scroll","background-type":"","background-media":"","overlay-type":"","overlay-color":"","overlay-opacity":"","overlay-gradient":""},"mobile":{"background-color":"var(--ast-global-color-5)","background-image":"","background-repeat":"repeat","background-position":"center center","background-size":"auto","background-attachment":"scroll","background-type":"","background-media":"","overlay-type":"","overlay-color":"","overlay-opacity":"","overlay-gradient":""}},"footnotes":""},"class_list":["post-4957","page","type-page","status-publish","has-post-thumbnail","hentry"],"acf":[],"_links":{"self":[{"href":"https:\/\/royalairportconcierge.com\/es\/wp-json\/wp\/v2\/pages\/4957","targetHints":{"allow":["GET"]}}],"collection":[{"href":"https:\/\/royalairportconcierge.com\/es\/wp-json\/wp\/v2\/pages"}],"about":[{"href":"https:\/\/royalairportconcierge.com\/es\/wp-json\/wp\/v2\/types\/page"}],"author":[{"embeddable":true,"href":"https:\/\/royalairportconcierge.com\/es\/wp-json\/wp\/v2\/users\/1"}],"replies":[{"embeddable":true,"href":"https:\/\/royalairportconcierge.com\/es\/wp-json\/wp\/v2\/comments?post=4957"}],"version-history":[{"count":8,"href":"https:\/\/royalairportconcierge.com\/es\/wp-json\/wp\/v2\/pages\/4957\/revisions"}],"predecessor-version":[{"id":14877,"href":"https:\/\/royalairportconcierge.com\/es\/wp-json\/wp\/v2\/pages\/4957\/revisions\/14877"}],"wp:featuredmedia":[{"embeddable":true,"href":"https:\/\/royalairportconcierge.com\/es\/wp-json\/wp\/v2\/media\/7685"}],"wp:attachment":[{"href":"https:\/\/royalairportconcierge.com\/es\/wp-json\/wp\/v2\/media?parent=4957"}],"curies":[{"name":"wp","href":"https:\/\/api.w.org\/{rel}","templated":true}]}}